{"id":7743,"date":"2022-12-05T14:30:56","date_gmt":"2022-12-05T21:30:56","guid":{"rendered":"http:\/\/dev-creeed.stantonstreethosting.com\/donar\/"},"modified":"2024-08-26T15:10:10","modified_gmt":"2024-08-26T21:10:10","slug":"donar","status":"publish","type":"page","link":"https:\/\/www.creeed.org\/es\/participa\/donar\/","title":{"rendered":"Donaciones"},"content":{"rendered":"\t\t<div data-elementor-type=\"wp-page\" data-elementor-id=\"7743\" class=\"elementor elementor-7743 elementor-1392\" data-elementor-post-type=\"page\">\n\t\t\t\t\t\t<section class=\"elementor-section elementor-top-section elementor-element elementor-element-5240f931 elementor-section-full_width elementor-section-height-default elementor-section-height-default\" data-id=\"5240f931\" data-element_type=\"section\" data-e-type=\"section\" data-settings=\"{&quot;background_background&quot;:&quot;classic&quot;}\">\n\t\t\t\t\t\t\t<div class=\"elementor-background-overlay\"><\/div>\n\t\t\t\t\t\t\t<div class=\"elementor-container elementor-column-gap-default\">\n\t\t\t\t\t<div class=\"elementor-column elementor-col-100 elementor-top-column elementor-element elementor-element-43993098\" data-id=\"43993098\" data-element_type=\"column\" data-e-type=\"column\">\n\t\t\t<div class=\"elementor-widget-wrap elementor-element-populated\">\n\t\t\t\t\t\t<div class=\"elementor-element elementor-element-66041fd3 elementor-widget elementor-widget-spacer\" data-id=\"66041fd3\" data-element_type=\"widget\" data-e-type=\"widget\" data-widget_type=\"spacer.default\">\n\t\t\t\t<div class=\"elementor-widget-container\">\n\t\t\t\t\t\t\t<div class=\"elementor-spacer\">\n\t\t\t<div class=\"elementor-spacer-inner\"><\/div>\n\t\t<\/div>\n\t\t\t\t\t\t<\/div>\n\t\t\t\t<\/div>\n\t\t\t\t<div class=\"elementor-element elementor-element-4102ac57 elementor-widget elementor-widget-heading\" data-id=\"4102ac57\" data-element_type=\"widget\" data-e-type=\"widget\" data-widget_type=\"heading.default\">\n\t\t\t\t<div class=\"elementor-widget-container\">\n\t\t\t\t\t<h1 class=\"elementor-heading-title elementor-size-default\">Apoye una educaci\u00f3n de alta calidad <br>para todos los estudiantes de El Paso<\/h1>\t\t\t\t<\/div>\n\t\t\t\t<\/div>\n\t\t\t\t<div class=\"elementor-element elementor-element-31cf6ba4 elementor-widget elementor-widget-spacer\" data-id=\"31cf6ba4\" data-element_type=\"widget\" data-e-type=\"widget\" data-widget_type=\"spacer.default\">\n\t\t\t\t<div class=\"elementor-widget-container\">\n\t\t\t\t\t\t\t<div class=\"elementor-spacer\">\n\t\t\t<div class=\"elementor-spacer-inner\"><\/div>\n\t\t<\/div>\n\t\t\t\t\t\t<\/div>\n\t\t\t\t<\/div>\n\t\t\t\t\t<\/div>\n\t\t<\/div>\n\t\t\t\t\t<\/div>\n\t\t<\/section>\n\t\t\t\t<section class=\"elementor-section elementor-top-section elementor-element elementor-element-7e1173c1 elementor-section-boxed elementor-section-height-default elementor-section-height-default\" data-id=\"7e1173c1\" data-element_type=\"section\" data-e-type=\"section\" data-settings=\"{&quot;background_background&quot;:&quot;classic&quot;}\">\n\t\t\t\t\t\t<div class=\"elementor-container elementor-column-gap-default\">\n\t\t\t\t\t<div class=\"elementor-column elementor-col-100 elementor-top-column elementor-element elementor-element-200d3ea0\" data-id=\"200d3ea0\" data-element_type=\"column\" data-e-type=\"column\" data-settings=\"{&quot;background_background&quot;:&quot;classic&quot;}\">\n\t\t\t<div class=\"elementor-widget-wrap elementor-element-populated\">\n\t\t\t\t\t\t<section class=\"elementor-section elementor-inner-section elementor-element elementor-element-b1d86d8 elementor-section-boxed elementor-section-height-default elementor-section-height-default\" data-id=\"b1d86d8\" data-element_type=\"section\" data-e-type=\"section\">\n\t\t\t\t\t\t<div class=\"elementor-container elementor-column-gap-default\">\n\t\t\t\t\t<div class=\"elementor-column elementor-col-50 elementor-inner-column elementor-element elementor-element-68f4bc1\" data-id=\"68f4bc1\" data-element_type=\"column\" data-e-type=\"column\">\n\t\t\t<div class=\"elementor-widget-wrap elementor-element-populated\">\n\t\t\t\t\t\t<div class=\"elementor-element elementor-element-82a5ef0 elementor-widget elementor-widget-heading\" data-id=\"82a5ef0\" data-element_type=\"widget\" data-e-type=\"widget\" data-widget_type=\"heading.default\">\n\t\t\t\t<div class=\"elementor-widget-container\">\n\t\t\t\t\t<h1 class=\"elementor-heading-title elementor-size-default\">\u00a1Done hoy!<\/h1>\t\t\t\t<\/div>\n\t\t\t\t<\/div>\n\t\t\t\t<div class=\"elementor-element elementor-element-172a94cc elementor-invisible elementor-widget elementor-widget-text-editor\" data-id=\"172a94cc\" data-element_type=\"widget\" data-e-type=\"widget\" data-settings=\"{&quot;_animation&quot;:&quot;fadeIn&quot;}\" data-widget_type=\"text-editor.default\">\n\t\t\t\t<div class=\"elementor-widget-container\">\n\t\t\t\t\t\t\t\t\t<p>Su donaci\u00f3n ayudar\u00e1 a garantizar que todos los estudiantes de la regi\u00f3n tengan acceso a una educaci\u00f3n de alta calidad que los prepare para la universidad y carreras pr\u00f3speras.<\/p>\n<p>La Fundaci\u00f3n CREEED es el brazo financiero de CREEED y es una organizaci\u00f3n sin fines de lucro inscrita como 501(c)(3). Todas las donaciones a esta organizaci\u00f3n son deducibles de impuestos, y usted recibir\u00e1 un recibo de donaci\u00f3n caritativa para fines de impuestos al completar su donaci\u00f3n.<\/p>\n\t\t\t\t\t\t\t\t<\/div>\n\t\t\t\t<\/div>\n\t\t\t\t\t<\/div>\n\t\t<\/div>\n\t\t\t\t<div class=\"elementor-column elementor-col-50 elementor-inner-column elementor-element elementor-element-bb10349\" data-id=\"bb10349\" data-element_type=\"column\" data-e-type=\"column\">\n\t\t\t<div class=\"elementor-widget-wrap elementor-element-populated\">\n\t\t\t\t\t\t<div class=\"elementor-element elementor-element-d47cc86 elementor-widget elementor-widget-html\" data-id=\"d47cc86\" data-element_type=\"widget\" data-e-type=\"widget\" data-widget_type=\"html.default\">\n\t\t\t\t<div class=\"elementor-widget-container\">\n\t\t\t\t\t<a href=\"#XLPNZXCW\" style=\"display: none\"><\/a>\t\t\t\t<\/div>\n\t\t\t\t<\/div>\n\t\t\t\t\t<\/div>\n\t\t<\/div>\n\t\t\t\t\t<\/div>\n\t\t<\/section>\n\t\t\t\t\t<\/div>\n\t\t<\/div>\n\t\t\t\t\t<\/div>\n\t\t<\/section>\n\t\t\t\t<\/div>\n\t\t","protected":false},"excerpt":{"rendered":"<p>Apoye una educaci\u00f3n de alta calidad para todos los estudiantes de El Paso \u00a1Done hoy! Su donaci\u00f3n ayudar\u00e1 a garantizar que todos los estudiantes de la regi\u00f3n tengan acceso a una educaci\u00f3n de alta calidad que los prepare para la universidad y carreras pr\u00f3speras. La Fundaci\u00f3n CREEED es el brazo financiero de CREEED y es [&hellip;]<\/p>\n","protected":false},"author":2,"featured_media":0,"parent":8314,"menu_order":0,"comment_status":"closed","ping_status":"closed","template":"","meta":{"ngg_post_thumbnail":0,"_price":"","_stock":"","_tribe_ticket_header":"","_tribe_default_ticket_provider":"","_tribe_ticket_capacity":"0","_ticket_start_date":"","_ticket_end_date":"","_tribe_ticket_show_description":"","_tribe_ticket_show_not_going":false,"_tribe_ticket_use_global_stock":"","_tribe_ticket_global_stock_level":"","_global_stock_mode":"","_global_stock_cap":"","_tribe_rsvp_for_event":"","_tribe_ticket_going_count":"","_tribe_ticket_not_going_count":"","_tribe_tickets_list":"[]","_tribe_ticket_has_attendee_info_fields":false,"footnotes":"","_tec_slr_enabled":"","_tec_slr_layout":""},"class_list":["post-7743","page","type-page","status-publish","hentry"],"publishpress_future_action":{"enabled":false,"date":"2026-05-14 17:34:49","action":"change-status","newStatus":"draft","terms":[],"taxonomy":"translation_priority","extraData":[]},"publishpress_future_workflow_manual_trigger":{"enabledWorkflows":[]},"ticketed":false,"_links":{"self":[{"href":"https:\/\/www.creeed.org\/es\/wp-json\/wp\/v2\/pages\/7743","targetHints":{"allow":["GET"]}}],"collection":[{"href":"https:\/\/www.creeed.org\/es\/wp-json\/wp\/v2\/pages"}],"about":[{"href":"https:\/\/www.creeed.org\/es\/wp-json\/wp\/v2\/types\/page"}],"author":[{"embeddable":true,"href":"https:\/\/www.creeed.org\/es\/wp-json\/wp\/v2\/users\/2"}],"replies":[{"embeddable":true,"href":"https:\/\/www.creeed.org\/es\/wp-json\/wp\/v2\/comments?post=7743"}],"version-history":[{"count":6,"href":"https:\/\/www.creeed.org\/es\/wp-json\/wp\/v2\/pages\/7743\/revisions"}],"predecessor-version":[{"id":11452,"href":"https:\/\/www.creeed.org\/es\/wp-json\/wp\/v2\/pages\/7743\/revisions\/11452"}],"up":[{"embeddable":true,"href":"https:\/\/www.creeed.org\/es\/wp-json\/wp\/v2\/pages\/8314"}],"wp:attachment":[{"href":"https:\/\/www.creeed.org\/es\/wp-json\/wp\/v2\/media?parent=7743"}],"curies":[{"name":"wp","href":"https:\/\/api.w.org\/{rel}","templated":true}]}}